{"id":8468,"date":"2022-05-18T15:01:15","date_gmt":"2022-05-18T13:01:15","guid":{"rendered":"https:\/\/2021.globo-rojo.com\/eat-and-drink\/"},"modified":"2026-04-12T20:33:21","modified_gmt":"2026-04-12T18:33:21","slug":"restauracio","status":"publish","type":"page","link":"https:\/\/www.campingglobobarcelona.com\/ca\/el-camping\/restauracio\/","title":{"rendered":"Restauraci\u00f3"},"content":{"rendered":"\n<script>\n    document.addEventListener( 'DOMContentLoaded', function () {\n                var slider = document.getElementById('splide-block_ff91953aa7f18a388f0b3fcb508e8fbe');\n        var divs = slider.querySelectorAll('.wp-block-cover');\n        for (var i = 0; i < divs.length; i++) {\n            divs[i].classList.add('splide__slide');\n        }\n\n        new Splide( '#splide-block_ff91953aa7f18a388f0b3fcb508e8fbe', \n        {\n            type: 'fade',\n            autoplay: true,\n            interval: 5000,\n            pauseOnHover: false\n        } \n        ).mount();\n    } );\n<\/script>\n<div id=\"wp-block-slider-principal-block_ff91953aa7f18a388f0b3fcb508e8fbe\" class=\"wp-block-slider-principal alignfull has-text-align-left\">\n        <div class=\"splide slide_principal\" id=\"splide-block_ff91953aa7f18a388f0b3fcb508e8fbe\">\n        <div class=\"splide__track\">   \n            <div class=\"splide__list\">         \n            \n\n<div class=\"wp-block-cover\" style=\"min-height:100vh;aspect-ratio:unset;\"><img decoding=\"async\" class=\"wp-block-cover__image-background wp-image-11728 size-full\" alt=\"\" src=\"https:\/\/www.campingglobobarcelona.com\/wp-content\/uploads\/chatgpt-image-12-abr-2026-19-16-58-e1776017526217.jpg\" data-object-fit=\"cover\"\/><span aria-hidden=\"true\" class=\"wp-block-cover__background has-background-dim-10 has-background-dim\" style=\"background-color:#89766a\"><\/span><div class=\"wp-block-cover__inner-container is-layout-flow wp-block-cover-is-layout-flow\">\n<h1 class=\"wp-block-heading has-text-align-center has-blank-white-color has-text-color has-h-1-font-size\" id=\"h-\"><\/h1>\n<\/div><\/div>\n\n        <\/div>\n        <\/div>\n    <\/div>\n<\/div>\n\n\n<h2 class=\"wp-block-heading has-text-align-center has-blank-grey-4-color has-text-color\" id=\"h-restaurant\">RESTAURANT<\/h2>\n\n\n\n<p class=\"has-text-align-center has-medium-font-size\"><strong>No desaprofiteu l'oportunitat de con\u00e8ixer la nostra cuina!<\/strong><\/p>\n\n\n\n<div style=\"height:30px\" aria-hidden=\"true\" class=\"wp-block-spacer\"><\/div>\n\n\n\n<div class=\"wp-block-media-text alignfull is-stacked-on-mobile is-vertically-aligned-center seccion-generica\" style=\"grid-template-columns:45% auto\"><figure class=\"wp-block-media-text__media\"><img fetchpriority=\"high\" decoding=\"async\" width=\"2048\" height=\"1245\" src=\"https:\/\/www.campingglobobarcelona.com\/wp-content\/uploads\/restaurante-paella-camping.jpg\" alt=\"\" class=\"wp-image-7686 size-full\" srcset=\"https:\/\/www.campingglobobarcelona.com\/wp-content\/uploads\/restaurante-paella-camping.jpg 2048w, https:\/\/www.campingglobobarcelona.com\/wp-content\/uploads\/restaurante-paella-camping-1024x623.jpg 1024w, https:\/\/www.campingglobobarcelona.com\/wp-content\/uploads\/restaurante-paella-camping-768x467.jpg 768w, https:\/\/www.campingglobobarcelona.com\/wp-content\/uploads\/restaurante-paella-camping-1536x934.jpg 1536w\" sizes=\"(max-width: 2048px) 100vw, 2048px\" \/><\/figure><div class=\"wp-block-media-text__content\">\n<p>El nostre restaurant est\u00e0 ubicat en el bell mig del c\u00e0mping en una masia t\u00edpica catalana del segle XIX.<\/p>\n\n\n\n<p>Si desitgeu passar una vetllada inoblidable en un entorn agradable, us recomanem que tasteu la nostra cuina catalana.<\/p>\n\n\n\n<p>Us oferim un ampli assortiment de plats, com ara:<\/p>\n\n\n\n<ul class=\"wp-block-list\">\n<li>Pizzes i pastes<\/li>\n\n\n\n<li>Carns i peixos<\/li>\n\n\n\n<li>Paelles i fideu\u00e0s<\/li>\n<\/ul>\n\n\n\n<p>Tot elaborat de manera casolana amb productes de la terra d'alta qualitat.<\/p>\n\n\n\n<p>La dieta mediterr\u00e0nia \u00e9s coneguda a tot el m\u00f3n pels seus beneficis per la salut i la seva m\u00e0gica combinaci\u00f3 de sabors i aromes.<\/p>\n<\/div><\/div>\n\n\n\n<div style=\"height:60px\" aria-hidden=\"true\" class=\"wp-block-spacer\"><\/div>\n\n\n\n<div class=\"wp-block-media-text alignfull has-media-on-the-right is-stacked-on-mobile is-vertically-aligned-center seccion-generica\" style=\"grid-template-columns:auto 73%\"><div class=\"wp-block-media-text__content\">\n<h2 class=\"wp-block-heading\" id=\"h-bar-terrassa\">Bar- terrassa<\/h2>\n\n\n\n<h2 class=\"wp-block-heading has-normal-font-size\" id=\"h-la-nostra-terrassa-es-tambe-el-lloc-ideal-per-gaudir-de-les-nits-d-estiu-preneu-un-coctel-i-gaudiu-ne\">La nostra terrassa \u00e9s tamb\u00e9 el lloc ideal per gaudir de les nits d\u2019estiu Preneu un c\u00f2ctel i gaudiu-ne!<\/h2>\n<\/div><figure class=\"wp-block-media-text__media\"><img decoding=\"async\" width=\"1280\" height=\"586\" src=\"https:\/\/www.campingglobobarcelona.com\/wp-content\/uploads\/restaurant2019-360.jpg\" alt=\"\" class=\"wp-image-7713 size-full\" srcset=\"https:\/\/www.campingglobobarcelona.com\/wp-content\/uploads\/restaurant2019-360.jpg 1280w, https:\/\/www.campingglobobarcelona.com\/wp-content\/uploads\/restaurant2019-360-1024x469.jpg 1024w, https:\/\/www.campingglobobarcelona.com\/wp-content\/uploads\/restaurant2019-360-768x352.jpg 768w\" sizes=\"(max-width: 1280px) 100vw, 1280px\" \/><\/figure><\/div>\n\n\n\n<div style=\"height:55px\" aria-hidden=\"true\" class=\"wp-block-spacer\"><\/div>\n\n\n\n<div class=\"wp-block-media-text alignfull is-stacked-on-mobile is-vertically-aligned-center seccion-generica\" style=\"grid-template-columns:64% auto\"><figure class=\"wp-block-media-text__media\"><img decoding=\"async\" width=\"600\" height=\"400\" src=\"https:\/\/www.campingglobobarcelona.com\/wp-content\/uploads\/img-5858-1-600x400.jpg\" alt=\"\" class=\"wp-image-7579 size-gallery-medium\" srcset=\"https:\/\/www.campingglobobarcelona.com\/wp-content\/uploads\/img-5858-1-600x400.jpg 600w, https:\/\/www.campingglobobarcelona.com\/wp-content\/uploads\/img-5858-1-900x600.jpg 900w, https:\/\/www.campingglobobarcelona.com\/wp-content\/uploads\/img-5858-1-450x300.jpg 450w, https:\/\/www.campingglobobarcelona.com\/wp-content\/uploads\/img-5858-1-225x150.jpg 225w\" sizes=\"(max-width: 600px) 100vw, 600px\" \/><\/figure><div class=\"wp-block-media-text__content\">\n<h2 class=\"wp-block-heading\" id=\"h-beach-bar\">Beach bar<\/h2>\n\n\n\n<p class=\"has-normal-font-size\"><strong>El seu ambient acollidor i informal el converteix en el lloc perfecte per gaudir de la tranquil\u00b7litat de l\u2019entorn, mentre que vost\u00e8 est\u00e0 llegint un llibre. Wifi gratu\u00eft al bar i al seu voltant. <\/strong><\/p>\n<\/div><\/div>\n\n\n\n<div style=\"height:59px\" aria-hidden=\"true\" class=\"wp-block-spacer\"><\/div>\n\n\n\n<div class=\"wp-block-cover alignfull is-light\" style=\"min-height:455px;aspect-ratio:unset;\"><img loading=\"lazy\" decoding=\"async\" width=\"1536\" height=\"2048\" class=\"wp-block-cover__image-background wp-image-8344\" alt=\"\" src=\"https:\/\/www.campingglobobarcelona.com\/wp-content\/uploads\/img-5860.jpg\" style=\"object-position:52% 64%\" data-object-fit=\"cover\" data-object-position=\"52% 64%\" srcset=\"https:\/\/www.campingglobobarcelona.com\/wp-content\/uploads\/img-5860.jpg 1536w, https:\/\/www.campingglobobarcelona.com\/wp-content\/uploads\/img-5860-768x1024.jpg 768w, https:\/\/www.campingglobobarcelona.com\/wp-content\/uploads\/img-5860-1152x1536.jpg 1152w\" sizes=\"(max-width: 1536px) 100vw, 1536px\" \/><span aria-hidden=\"true\" class=\"wp-block-cover__background has-background-dim-0 has-background-dim\"><\/span><div class=\"wp-block-cover__inner-container is-layout-flow wp-block-cover-is-layout-flow\">\n<p class=\"has-text-align-center has-large-font-size\"><\/p>\n<\/div><\/div>\n\n\n\n<p><\/p>\n","protected":false},"excerpt":{"rendered":"<p>RESTAURANT No desaprofiteu l&#8217;oportunitat de con\u00e8ixer la nostra cuina! Bar- terrassa La nostra terrassa \u00e9s tamb\u00e9 el lloc ideal per gaudir de les nits d\u2019estiu&#8230;<\/p>\n","protected":false},"author":2,"featured_media":0,"parent":4465,"menu_order":1,"comment_status":"closed","ping_status":"closed","template":"","meta":{"_acf_changed":false,"inline_featured_image":false,"_monsterinsights_skip_tracking":false,"_monsterinsights_sitenote_active":false,"_monsterinsights_sitenote_note":"","_monsterinsights_sitenote_category":0,"footnotes":""},"class_list":["post-8468","page","type-page","status-publish","hentry"],"acf":[],"yoast_head":"<!-- This site is optimized with the Yoast SEO Premium plugin v27.3 (Yoast SEO v27.3) - https:\/\/yoast.com\/product\/yoast-seo-premium-wordpress\/ -->\n<title>Restauraci\u00f3 - Camping Globo Barcelona<\/title>\n<meta name=\"description\" content=\"RESTAURANT No desaprofiteu l&#039;oportunitat de con\u00e8ixer la nostra cuina! El nostre restaurant est\u00e0 ubicat en el bell mig del c\u00e0mping en una masia t\u00edpica\" \/>\n<meta name=\"robots\" content=\"index, follow, max-snippet:-1, max-image-preview:large, max-video-preview:-1\" \/>\n<link rel=\"canonical\" href=\"https:\/\/www.campingglobobarcelona.com\/ca\/el-camping\/restauracio\/\" \/>\n<meta property=\"og:locale\" content=\"ca_ES\" \/>\n<meta property=\"og:type\" content=\"article\" \/>\n<meta property=\"og:title\" content=\"Restauraci\u00f3\" \/>\n<meta property=\"og:description\" content=\"RESTAURANT No desaprofiteu l&#039;oportunitat de con\u00e8ixer la nostra cuina! El nostre restaurant est\u00e0 ubicat en el bell mig del c\u00e0mping en una masia t\u00edpica\" \/>\n<meta property=\"og:url\" content=\"https:\/\/www.campingglobobarcelona.com\/ca\/el-camping\/restauracio\/\" \/>\n<meta property=\"og:site_name\" content=\"Camping Globo Barcelona\" \/>\n<meta property=\"article:publisher\" content=\"https:\/\/www.facebook.com\/campinglobobcn\/\" \/>\n<meta property=\"article:modified_time\" content=\"2026-04-12T18:33:21+00:00\" \/>\n<meta property=\"og:image\" content=\"https:\/\/www.campingglobobarcelona.com\/wp-content\/uploads\/chatgpt-image-12-abr-2026-19-16-58-e1776017526217.jpg\" \/>\n\t<meta property=\"og:image:width\" content=\"1024\" \/>\n\t<meta property=\"og:image:height\" content=\"1024\" \/>\n\t<meta property=\"og:image:type\" content=\"image\/jpeg\" \/>\n<meta name=\"twitter:card\" content=\"summary_large_image\" \/>\n<meta name=\"twitter:label1\" content=\"Est. reading time\" \/>\n\t<meta name=\"twitter:data1\" content=\"1 minute\" \/>\n<script type=\"application\/ld+json\" class=\"yoast-schema-graph\">{\"@context\":\"https:\\\/\\\/schema.org\",\"@graph\":[{\"@type\":\"WebPage\",\"@id\":\"https:\\\/\\\/www.campingglobobarcelona.com\\\/ca\\\/el-camping\\\/restauracio\\\/\",\"url\":\"https:\\\/\\\/www.campingglobobarcelona.com\\\/ca\\\/el-camping\\\/restauracio\\\/\",\"name\":\"Restauraci\u00f3 - Camping Globo Barcelona\",\"isPartOf\":{\"@id\":\"https:\\\/\\\/www.campingglobobarcelona.com\\\/ca\\\/#website\"},\"primaryImageOfPage\":{\"@id\":\"https:\\\/\\\/www.campingglobobarcelona.com\\\/ca\\\/el-camping\\\/restauracio\\\/#primaryimage\"},\"image\":{\"@id\":\"https:\\\/\\\/www.campingglobobarcelona.com\\\/ca\\\/el-camping\\\/restauracio\\\/#primaryimage\"},\"thumbnailUrl\":\"https:\\\/\\\/www.campingglobobarcelona.com\\\/wp-content\\\/uploads\\\/chatgpt-image-12-abr-2026-19-16-58-e1776017526217.jpg\",\"datePublished\":\"2022-05-18T13:01:15+00:00\",\"dateModified\":\"2026-04-12T18:33:21+00:00\",\"description\":\"RESTAURANT No desaprofiteu l'oportunitat de con\u00e8ixer la nostra cuina! El nostre restaurant est\u00e0 ubicat en el bell mig del c\u00e0mping en una masia t\u00edpica\",\"breadcrumb\":{\"@id\":\"https:\\\/\\\/www.campingglobobarcelona.com\\\/ca\\\/el-camping\\\/restauracio\\\/#breadcrumb\"},\"inLanguage\":\"ca-ES\",\"potentialAction\":[{\"@type\":\"ReadAction\",\"target\":[\"https:\\\/\\\/www.campingglobobarcelona.com\\\/ca\\\/el-camping\\\/restauracio\\\/\"]}]},{\"@type\":\"ImageObject\",\"inLanguage\":\"ca-ES\",\"@id\":\"https:\\\/\\\/www.campingglobobarcelona.com\\\/ca\\\/el-camping\\\/restauracio\\\/#primaryimage\",\"url\":\"https:\\\/\\\/www.campingglobobarcelona.com\\\/wp-content\\\/uploads\\\/chatgpt-image-12-abr-2026-19-16-58-e1776017526217.jpg\",\"contentUrl\":\"https:\\\/\\\/www.campingglobobarcelona.com\\\/wp-content\\\/uploads\\\/chatgpt-image-12-abr-2026-19-16-58-e1776017526217.jpg\"},{\"@type\":\"BreadcrumbList\",\"@id\":\"https:\\\/\\\/www.campingglobobarcelona.com\\\/ca\\\/el-camping\\\/restauracio\\\/#breadcrumb\",\"itemListElement\":[{\"@type\":\"ListItem\",\"position\":1,\"name\":\"Inici\",\"item\":\"https:\\\/\\\/www.campingglobobarcelona.com\\\/ca\\\/\"},{\"@type\":\"ListItem\",\"position\":2,\"name\":\"El C\u00e0mping\",\"item\":\"https:\\\/\\\/www.campingglobobarcelona.com\\\/ca\\\/el-camping\\\/\"},{\"@type\":\"ListItem\",\"position\":3,\"name\":\"Restauraci\u00f3\"}]},{\"@type\":\"WebSite\",\"@id\":\"https:\\\/\\\/www.campingglobobarcelona.com\\\/ca\\\/#website\",\"url\":\"https:\\\/\\\/www.campingglobobarcelona.com\\\/ca\\\/\",\"name\":\"Camping Globo Barcelona\",\"description\":\"The nearest first class campsite to Barcelona\",\"publisher\":{\"@id\":\"https:\\\/\\\/www.campingglobobarcelona.com\\\/ca\\\/#organization\"},\"potentialAction\":[{\"@type\":\"SearchAction\",\"target\":{\"@type\":\"EntryPoint\",\"urlTemplate\":\"https:\\\/\\\/www.campingglobobarcelona.com\\\/ca\\\/?s={search_term_string}\"},\"query-input\":{\"@type\":\"PropertyValueSpecification\",\"valueRequired\":true,\"valueName\":\"search_term_string\"}}],\"inLanguage\":\"ca-ES\"},{\"@type\":\"Organization\",\"@id\":\"https:\\\/\\\/www.campingglobobarcelona.com\\\/ca\\\/#organization\",\"name\":\"Camping Globo Barcelona\",\"url\":\"https:\\\/\\\/www.campingglobobarcelona.com\\\/ca\\\/\",\"logo\":{\"@type\":\"ImageObject\",\"inLanguage\":\"ca-ES\",\"@id\":\"https:\\\/\\\/www.campingglobobarcelona.com\\\/ca\\\/#\\\/schema\\\/logo\\\/image\\\/\",\"url\":\"https:\\\/\\\/www.campingglobobarcelona.com\\\/wp-content\\\/uploads\\\/logo-color-svg.svg\",\"contentUrl\":\"https:\\\/\\\/www.campingglobobarcelona.com\\\/wp-content\\\/uploads\\\/logo-color-svg.svg\",\"width\":111,\"height\":78,\"caption\":\"Camping Globo Barcelona\"},\"image\":{\"@id\":\"https:\\\/\\\/www.campingglobobarcelona.com\\\/ca\\\/#\\\/schema\\\/logo\\\/image\\\/\"},\"sameAs\":[\"https:\\\/\\\/www.facebook.com\\\/campinglobobcn\\\/\",\"https:\\\/\\\/www.instagram.com\\\/campinglobobcn\\\/\"]}]}<\/script>\n<!-- \/ Yoast SEO Premium plugin. -->","yoast_head_json":{"title":"Restauraci\u00f3 - Camping Globo Barcelona","description":"RESTAURANT No desaprofiteu l'oportunitat de con\u00e8ixer la nostra cuina! El nostre restaurant est\u00e0 ubicat en el bell mig del c\u00e0mping en una masia t\u00edpica","robots":{"index":"index","follow":"follow","max-snippet":"max-snippet:-1","max-image-preview":"max-image-preview:large","max-video-preview":"max-video-preview:-1"},"canonical":"https:\/\/www.campingglobobarcelona.com\/ca\/el-camping\/restauracio\/","og_locale":"ca_ES","og_type":"article","og_title":"Restauraci\u00f3","og_description":"RESTAURANT No desaprofiteu l'oportunitat de con\u00e8ixer la nostra cuina! El nostre restaurant est\u00e0 ubicat en el bell mig del c\u00e0mping en una masia t\u00edpica","og_url":"https:\/\/www.campingglobobarcelona.com\/ca\/el-camping\/restauracio\/","og_site_name":"Camping Globo Barcelona","article_publisher":"https:\/\/www.facebook.com\/campinglobobcn\/","article_modified_time":"2026-04-12T18:33:21+00:00","og_image":[{"width":1024,"height":1024,"url":"https:\/\/www.campingglobobarcelona.com\/wp-content\/uploads\/chatgpt-image-12-abr-2026-19-16-58-e1776017526217.jpg","type":"image\/jpeg"}],"twitter_card":"summary_large_image","twitter_misc":{"Est. reading time":"1 minute"},"schema":{"@context":"https:\/\/schema.org","@graph":[{"@type":"WebPage","@id":"https:\/\/www.campingglobobarcelona.com\/ca\/el-camping\/restauracio\/","url":"https:\/\/www.campingglobobarcelona.com\/ca\/el-camping\/restauracio\/","name":"Restauraci\u00f3 - Camping Globo Barcelona","isPartOf":{"@id":"https:\/\/www.campingglobobarcelona.com\/ca\/#website"},"primaryImageOfPage":{"@id":"https:\/\/www.campingglobobarcelona.com\/ca\/el-camping\/restauracio\/#primaryimage"},"image":{"@id":"https:\/\/www.campingglobobarcelona.com\/ca\/el-camping\/restauracio\/#primaryimage"},"thumbnailUrl":"https:\/\/www.campingglobobarcelona.com\/wp-content\/uploads\/chatgpt-image-12-abr-2026-19-16-58-e1776017526217.jpg","datePublished":"2022-05-18T13:01:15+00:00","dateModified":"2026-04-12T18:33:21+00:00","description":"RESTAURANT No desaprofiteu l'oportunitat de con\u00e8ixer la nostra cuina! El nostre restaurant est\u00e0 ubicat en el bell mig del c\u00e0mping en una masia t\u00edpica","breadcrumb":{"@id":"https:\/\/www.campingglobobarcelona.com\/ca\/el-camping\/restauracio\/#breadcrumb"},"inLanguage":"ca-ES","potentialAction":[{"@type":"ReadAction","target":["https:\/\/www.campingglobobarcelona.com\/ca\/el-camping\/restauracio\/"]}]},{"@type":"ImageObject","inLanguage":"ca-ES","@id":"https:\/\/www.campingglobobarcelona.com\/ca\/el-camping\/restauracio\/#primaryimage","url":"https:\/\/www.campingglobobarcelona.com\/wp-content\/uploads\/chatgpt-image-12-abr-2026-19-16-58-e1776017526217.jpg","contentUrl":"https:\/\/www.campingglobobarcelona.com\/wp-content\/uploads\/chatgpt-image-12-abr-2026-19-16-58-e1776017526217.jpg"},{"@type":"BreadcrumbList","@id":"https:\/\/www.campingglobobarcelona.com\/ca\/el-camping\/restauracio\/#breadcrumb","itemListElement":[{"@type":"ListItem","position":1,"name":"Inici","item":"https:\/\/www.campingglobobarcelona.com\/ca\/"},{"@type":"ListItem","position":2,"name":"El C\u00e0mping","item":"https:\/\/www.campingglobobarcelona.com\/ca\/el-camping\/"},{"@type":"ListItem","position":3,"name":"Restauraci\u00f3"}]},{"@type":"WebSite","@id":"https:\/\/www.campingglobobarcelona.com\/ca\/#website","url":"https:\/\/www.campingglobobarcelona.com\/ca\/","name":"Camping Globo Barcelona","description":"The nearest first class campsite to Barcelona","publisher":{"@id":"https:\/\/www.campingglobobarcelona.com\/ca\/#organization"},"potentialAction":[{"@type":"SearchAction","target":{"@type":"EntryPoint","urlTemplate":"https:\/\/www.campingglobobarcelona.com\/ca\/?s={search_term_string}"},"query-input":{"@type":"PropertyValueSpecification","valueRequired":true,"valueName":"search_term_string"}}],"inLanguage":"ca-ES"},{"@type":"Organization","@id":"https:\/\/www.campingglobobarcelona.com\/ca\/#organization","name":"Camping Globo Barcelona","url":"https:\/\/www.campingglobobarcelona.com\/ca\/","logo":{"@type":"ImageObject","inLanguage":"ca-ES","@id":"https:\/\/www.campingglobobarcelona.com\/ca\/#\/schema\/logo\/image\/","url":"https:\/\/www.campingglobobarcelona.com\/wp-content\/uploads\/logo-color-svg.svg","contentUrl":"https:\/\/www.campingglobobarcelona.com\/wp-content\/uploads\/logo-color-svg.svg","width":111,"height":78,"caption":"Camping Globo Barcelona"},"image":{"@id":"https:\/\/www.campingglobobarcelona.com\/ca\/#\/schema\/logo\/image\/"},"sameAs":["https:\/\/www.facebook.com\/campinglobobcn\/","https:\/\/www.instagram.com\/campinglobobcn\/"]}]}},"_links":{"self":[{"href":"https:\/\/www.campingglobobarcelona.com\/ca\/wp-json\/wp\/v2\/pages\/8468","targetHints":{"allow":["GET"]}}],"collection":[{"href":"https:\/\/www.campingglobobarcelona.com\/ca\/wp-json\/wp\/v2\/pages"}],"about":[{"href":"https:\/\/www.campingglobobarcelona.com\/ca\/wp-json\/wp\/v2\/types\/page"}],"author":[{"embeddable":true,"href":"https:\/\/www.campingglobobarcelona.com\/ca\/wp-json\/wp\/v2\/users\/2"}],"replies":[{"embeddable":true,"href":"https:\/\/www.campingglobobarcelona.com\/ca\/wp-json\/wp\/v2\/comments?post=8468"}],"version-history":[{"count":11,"href":"https:\/\/www.campingglobobarcelona.com\/ca\/wp-json\/wp\/v2\/pages\/8468\/revisions"}],"predecessor-version":[{"id":11758,"href":"https:\/\/www.campingglobobarcelona.com\/ca\/wp-json\/wp\/v2\/pages\/8468\/revisions\/11758"}],"up":[{"embeddable":true,"href":"https:\/\/www.campingglobobarcelona.com\/ca\/wp-json\/wp\/v2\/pages\/4465"}],"wp:attachment":[{"href":"https:\/\/www.campingglobobarcelona.com\/ca\/wp-json\/wp\/v2\/media?parent=8468"}],"curies":[{"name":"wp","href":"https:\/\/api.w.org\/{rel}","templated":true}]}}