{"id":8802,"date":"2022-06-02T16:53:11","date_gmt":"2022-06-02T14:53:11","guid":{"rendered":"https:\/\/2021.globo-rojo.com\/manger-et-boire\/"},"modified":"2026-04-12T20:23:33","modified_gmt":"2026-04-12T18:23:33","slug":"manger-et-boire","status":"publish","type":"page","link":"https:\/\/www.campingglobobarcelona.com\/fr\/le-camping\/manger-et-boire\/","title":{"rendered":"Manger et boire"},"content":{"rendered":"\n<script>\n    document.addEventListener( 'DOMContentLoaded', function () {\n                var slider = document.getElementById('splide-block_46d266c6d64ab87bfb39ce500ef7ea06');\n        var divs = slider.querySelectorAll('.wp-block-cover');\n        for (var i = 0; i < divs.length; i++) {\n            divs[i].classList.add('splide__slide');\n        }\n\n        new Splide( '#splide-block_46d266c6d64ab87bfb39ce500ef7ea06', \n        {\n            type: 'fade',\n            autoplay: true,\n            interval: 5000,\n            pauseOnHover: false\n        } \n        ).mount();\n    } );\n<\/script>\n<div id=\"wp-block-slider-principal-block_46d266c6d64ab87bfb39ce500ef7ea06\" class=\"wp-block-slider-principal alignfull has-text-align-left\">\n        <div class=\"splide slide_principal\" id=\"splide-block_46d266c6d64ab87bfb39ce500ef7ea06\">\n        <div class=\"splide__track\">   \n            <div class=\"splide__list\">         \n            \n\n<div class=\"wp-block-cover\" style=\"min-height:100vh;aspect-ratio:unset;\"><img decoding=\"async\" class=\"wp-block-cover__image-background wp-image-11730 size-full\" alt=\"\" src=\"https:\/\/www.campingglobobarcelona.com\/wp-content\/uploads\/chatgpt-image-12-abr-2026-19-16-58-e1776017526217.jpg\" data-object-fit=\"cover\"\/><span aria-hidden=\"true\" class=\"wp-block-cover__background has-background-dim-10 has-background-dim\" style=\"background-color:#89766a\"><\/span><div class=\"wp-block-cover__inner-container is-layout-flow wp-block-cover-is-layout-flow\">\n<h1 class=\"wp-block-heading has-text-align-center has-blank-white-color has-text-color has-h-1-font-size\" id=\"h-frais-et-local\"><strong>FRAIS ET LOCAL<\/strong><\/h1>\n<\/div><\/div>\n\n        <\/div>\n        <\/div>\n    <\/div>\n<\/div>\n\n\n<h2 class=\"wp-block-heading has-text-align-center has-blank-grey-4-color has-text-color\" id=\"h-restaurant\">RESTAURANT<\/h2>\n\n\n\n<p class=\"has-text-align-center has-medium-font-size\"><strong>Ne manquez pas l'occasion de savourer la cuisine m\u00e9diterran\u00e9enne !<\/strong><\/p>\n\n\n\n<div style=\"height:30px\" aria-hidden=\"true\" class=\"wp-block-spacer\"><\/div>\n\n\n\n<div class=\"wp-block-media-text alignfull is-stacked-on-mobile is-vertically-aligned-center seccion-generica\" style=\"grid-template-columns:45% auto\"><figure class=\"wp-block-media-text__media\"><img fetchpriority=\"high\" decoding=\"async\" width=\"2048\" height=\"1245\" src=\"https:\/\/www.campingglobobarcelona.com\/wp-content\/uploads\/restaurante-paella-camping.jpg\" alt=\"\" class=\"wp-image-7686 size-full\" srcset=\"https:\/\/www.campingglobobarcelona.com\/wp-content\/uploads\/restaurante-paella-camping.jpg 2048w, https:\/\/www.campingglobobarcelona.com\/wp-content\/uploads\/restaurante-paella-camping-1024x623.jpg 1024w, https:\/\/www.campingglobobarcelona.com\/wp-content\/uploads\/restaurante-paella-camping-768x467.jpg 768w, https:\/\/www.campingglobobarcelona.com\/wp-content\/uploads\/restaurante-paella-camping-1536x934.jpg 1536w\" sizes=\"(max-width: 2048px) 100vw, 2048px\" \/><\/figure><div class=\"wp-block-media-text__content\">\n<p>Notre restaurant est situ\u00e9 au c\u0153ur du camping, dans une ferme catalane rustique du XIXe si\u00e8cle.<\/p>\n\n\n\n<p>Si vous souhaitez passer une soir\u00e9e inoubliable dans un environnement agr\u00e9able, nous vous recommandons notre menu catalan.<\/p>\n\n\n\n<p>Nous vous proposons un large menu comprenant :<\/p>\n\n\n\n<ul class=\"wp-block-list\">\n<li>Pizzas et p\u00e2tes<\/li>\n\n\n\n<li>Viande et poisson<\/li>\n\n\n\n<li>Paellas et fideu\u00e0s (sorte de paella de nouilles)<\/li>\n<\/ul>\n\n\n\n<p>Tous nos plats sont \u00e9labor\u00e9s de mani\u00e8re traditionnelle \u00e0 base des produits du pays de premi\u00e8re qualit\u00e9.<\/p>\n\n\n\n<p>La gastronomie m\u00e9diterran\u00e9enne est connue dans le monde entier pour ses bienfaits pour la sant\u00e9 et sa combinaison magique de saveurs et d\u2019ar\u00f4mes.<\/p>\n<\/div><\/div>\n\n\n\n<div style=\"height:60px\" aria-hidden=\"true\" class=\"wp-block-spacer\"><\/div>\n\n\n\n<div class=\"wp-block-media-text alignfull has-media-on-the-right is-stacked-on-mobile is-vertically-aligned-center seccion-generica\" style=\"grid-template-columns:auto 73%\"><div class=\"wp-block-media-text__content\">\n<h2 class=\"wp-block-heading\" id=\"h-terrasse-du-bar\">Terrasse du bar<\/h2>\n\n\n\n<h2 class=\"wp-block-heading has-normal-font-size\" id=\"h-notre-terrasse-est-egalement-un-endroit-ideal-pour-profiter-des-soirees-d-ete-sirotez-un-cocktail-et-profitez-en\"> Notre terrasse est \u00e9galement un endroit id\u00e9al pour profiter des soir\u00e9es d'\u00e9t\u00e9. Sirotez un cocktail et profitez-en !<\/h2>\n<\/div><figure class=\"wp-block-media-text__media\"><img decoding=\"async\" width=\"1280\" height=\"586\" src=\"https:\/\/www.campingglobobarcelona.com\/wp-content\/uploads\/restaurant2019-360.jpg\" alt=\"\" class=\"wp-image-7713 size-full\" srcset=\"https:\/\/www.campingglobobarcelona.com\/wp-content\/uploads\/restaurant2019-360.jpg 1280w, https:\/\/www.campingglobobarcelona.com\/wp-content\/uploads\/restaurant2019-360-1024x469.jpg 1024w, https:\/\/www.campingglobobarcelona.com\/wp-content\/uploads\/restaurant2019-360-768x352.jpg 768w\" sizes=\"(max-width: 1280px) 100vw, 1280px\" \/><\/figure><\/div>\n\n\n\n<div style=\"height:55px\" aria-hidden=\"true\" class=\"wp-block-spacer\"><\/div>\n\n\n\n<div class=\"wp-block-media-text alignfull is-stacked-on-mobile is-vertically-aligned-center seccion-generica\" style=\"grid-template-columns:64% auto\"><figure class=\"wp-block-media-text__media\"><img decoding=\"async\" width=\"600\" height=\"400\" src=\"https:\/\/www.campingglobobarcelona.com\/wp-content\/uploads\/img-5858-1-600x400.jpg\" alt=\"\" class=\"wp-image-7579 size-gallery-medium\" srcset=\"https:\/\/www.campingglobobarcelona.com\/wp-content\/uploads\/img-5858-1-600x400.jpg 600w, https:\/\/www.campingglobobarcelona.com\/wp-content\/uploads\/img-5858-1-900x600.jpg 900w, https:\/\/www.campingglobobarcelona.com\/wp-content\/uploads\/img-5858-1-450x300.jpg 450w, https:\/\/www.campingglobobarcelona.com\/wp-content\/uploads\/img-5858-1-225x150.jpg 225w\" sizes=\"(max-width: 600px) 100vw, 600px\" \/><\/figure><div class=\"wp-block-media-text__content\">\n<h2 class=\"wp-block-heading\" id=\"h-bar-de-plage\">Bar de plage<\/h2>\n\n\n\n<p class=\"has-normal-font-size\"><strong>Son atmosph\u00e8re familiale et informelle en fait l'endroit id\u00e9al pour profiter d'un moment de calme et de contemplation, pour appr\u00e9cier la tranquillit\u00e9 de l'environnement tout en lisant un livre par exemple. <\/strong><\/p>\n<\/div><\/div>\n\n\n\n<div style=\"height:59px\" aria-hidden=\"true\" class=\"wp-block-spacer\"><\/div>\n\n\n\n<div class=\"wp-block-cover alignfull is-light\" style=\"min-height:455px;aspect-ratio:unset;\"><img loading=\"lazy\" decoding=\"async\" width=\"1536\" height=\"2048\" class=\"wp-block-cover__image-background wp-image-8344\" alt=\"\" src=\"https:\/\/www.campingglobobarcelona.com\/wp-content\/uploads\/img-5860.jpg\" style=\"object-position:52% 64%\" data-object-fit=\"cover\" data-object-position=\"52% 64%\" srcset=\"https:\/\/www.campingglobobarcelona.com\/wp-content\/uploads\/img-5860.jpg 1536w, https:\/\/www.campingglobobarcelona.com\/wp-content\/uploads\/img-5860-768x1024.jpg 768w, https:\/\/www.campingglobobarcelona.com\/wp-content\/uploads\/img-5860-1152x1536.jpg 1152w\" sizes=\"(max-width: 1536px) 100vw, 1536px\" \/><span aria-hidden=\"true\" class=\"wp-block-cover__background has-background-dim-0 has-background-dim\"><\/span><div class=\"wp-block-cover__inner-container is-layout-flow wp-block-cover-is-layout-flow\">\n<p class=\"has-text-align-center has-large-font-size\"><\/p>\n<\/div><\/div>\n\n\n\n<p><\/p>\n","protected":false},"excerpt":{"rendered":"<p>RESTAURANT Ne manquez pas l&rsquo;occasion de savourer la cuisine m\u00e9diterran\u00e9enne ! Terrasse du bar Notre terrasse est \u00e9galement un endroit id\u00e9al pour profiter des soir\u00e9es&#8230;<\/p>\n","protected":false},"author":2,"featured_media":0,"parent":4592,"menu_order":1,"comment_status":"closed","ping_status":"closed","template":"","meta":{"_acf_changed":false,"inline_featured_image":false,"_monsterinsights_skip_tracking":false,"_monsterinsights_sitenote_active":false,"_monsterinsights_sitenote_note":"","_monsterinsights_sitenote_category":0,"footnotes":""},"class_list":["post-8802","page","type-page","status-publish","hentry"],"acf":[],"yoast_head":"<!-- This site is optimized with the Yoast SEO Premium plugin v27.3 (Yoast SEO v27.3) - https:\/\/yoast.com\/product\/yoast-seo-premium-wordpress\/ -->\n<title>Manger et boire - Camping Globo Barcelona<\/title>\n<meta name=\"description\" content=\"FRAIS ET LOCAL RESTAURANT Ne manquez pas l&#039;occasion de savourer la cuisine m\u00e9diterran\u00e9enne ! Notre restaurant est situ\u00e9 au c\u0153ur du camping, dans une ferme\" \/>\n<meta name=\"robots\" content=\"index, follow, max-snippet:-1, max-image-preview:large, max-video-preview:-1\" \/>\n<link rel=\"canonical\" href=\"https:\/\/www.campingglobobarcelona.com\/fr\/le-camping\/manger-et-boire\/\" \/>\n<meta property=\"og:locale\" content=\"fr_FR\" \/>\n<meta property=\"og:type\" content=\"article\" \/>\n<meta property=\"og:title\" content=\"Manger et boire\" \/>\n<meta property=\"og:description\" content=\"FRAIS ET LOCAL RESTAURANT Ne manquez pas l&#039;occasion de savourer la cuisine m\u00e9diterran\u00e9enne ! Notre restaurant est situ\u00e9 au c\u0153ur du camping, dans une ferme\" \/>\n<meta property=\"og:url\" content=\"https:\/\/www.campingglobobarcelona.com\/fr\/le-camping\/manger-et-boire\/\" \/>\n<meta property=\"og:site_name\" content=\"Camping Globo Barcelona\" \/>\n<meta property=\"article:publisher\" content=\"https:\/\/www.facebook.com\/campinglobobcn\/\" \/>\n<meta property=\"article:modified_time\" content=\"2026-04-12T18:23:33+00:00\" \/>\n<meta property=\"og:image\" content=\"https:\/\/www.campingglobobarcelona.com\/wp-content\/uploads\/chatgpt-image-12-abr-2026-19-16-58-e1776017526217.jpg\" \/>\n\t<meta property=\"og:image:width\" content=\"1024\" \/>\n\t<meta property=\"og:image:height\" content=\"1024\" \/>\n\t<meta property=\"og:image:type\" content=\"image\/jpeg\" \/>\n<meta name=\"twitter:card\" content=\"summary_large_image\" \/>\n<meta name=\"twitter:label1\" content=\"Dur\u00e9e de lecture estim\u00e9e\" \/>\n\t<meta name=\"twitter:data1\" content=\"1 minute\" \/>\n<script type=\"application\/ld+json\" class=\"yoast-schema-graph\">{\"@context\":\"https:\\\/\\\/schema.org\",\"@graph\":[{\"@type\":\"WebPage\",\"@id\":\"https:\\\/\\\/www.campingglobobarcelona.com\\\/fr\\\/le-camping\\\/manger-et-boire\\\/\",\"url\":\"https:\\\/\\\/www.campingglobobarcelona.com\\\/fr\\\/le-camping\\\/manger-et-boire\\\/\",\"name\":\"Manger et boire - Camping Globo Barcelona\",\"isPartOf\":{\"@id\":\"https:\\\/\\\/www.campingglobobarcelona.com\\\/fr\\\/#website\"},\"primaryImageOfPage\":{\"@id\":\"https:\\\/\\\/www.campingglobobarcelona.com\\\/fr\\\/le-camping\\\/manger-et-boire\\\/#primaryimage\"},\"image\":{\"@id\":\"https:\\\/\\\/www.campingglobobarcelona.com\\\/fr\\\/le-camping\\\/manger-et-boire\\\/#primaryimage\"},\"thumbnailUrl\":\"https:\\\/\\\/www.campingglobobarcelona.com\\\/wp-content\\\/uploads\\\/chatgpt-image-12-abr-2026-19-16-58-e1776017526217.jpg\",\"datePublished\":\"2022-06-02T14:53:11+00:00\",\"dateModified\":\"2026-04-12T18:23:33+00:00\",\"description\":\"FRAIS ET LOCAL RESTAURANT Ne manquez pas l'occasion de savourer la cuisine m\u00e9diterran\u00e9enne ! Notre restaurant est situ\u00e9 au c\u0153ur du camping, dans une ferme\",\"breadcrumb\":{\"@id\":\"https:\\\/\\\/www.campingglobobarcelona.com\\\/fr\\\/le-camping\\\/manger-et-boire\\\/#breadcrumb\"},\"inLanguage\":\"fr-FR\",\"potentialAction\":[{\"@type\":\"ReadAction\",\"target\":[\"https:\\\/\\\/www.campingglobobarcelona.com\\\/fr\\\/le-camping\\\/manger-et-boire\\\/\"]}]},{\"@type\":\"ImageObject\",\"inLanguage\":\"fr-FR\",\"@id\":\"https:\\\/\\\/www.campingglobobarcelona.com\\\/fr\\\/le-camping\\\/manger-et-boire\\\/#primaryimage\",\"url\":\"https:\\\/\\\/www.campingglobobarcelona.com\\\/wp-content\\\/uploads\\\/chatgpt-image-12-abr-2026-19-16-58-e1776017526217.jpg\",\"contentUrl\":\"https:\\\/\\\/www.campingglobobarcelona.com\\\/wp-content\\\/uploads\\\/chatgpt-image-12-abr-2026-19-16-58-e1776017526217.jpg\"},{\"@type\":\"BreadcrumbList\",\"@id\":\"https:\\\/\\\/www.campingglobobarcelona.com\\\/fr\\\/le-camping\\\/manger-et-boire\\\/#breadcrumb\",\"itemListElement\":[{\"@type\":\"ListItem\",\"position\":1,\"name\":\"Page d'accueil\",\"item\":\"https:\\\/\\\/www.campingglobobarcelona.com\\\/fr\\\/\"},{\"@type\":\"ListItem\",\"position\":2,\"name\":\"Le Camping\",\"item\":\"https:\\\/\\\/www.campingglobobarcelona.com\\\/fr\\\/le-camping\\\/\"},{\"@type\":\"ListItem\",\"position\":3,\"name\":\"Manger et boire\"}]},{\"@type\":\"WebSite\",\"@id\":\"https:\\\/\\\/www.campingglobobarcelona.com\\\/fr\\\/#website\",\"url\":\"https:\\\/\\\/www.campingglobobarcelona.com\\\/fr\\\/\",\"name\":\"Camping Globo Barcelona\",\"description\":\"The nearest first class campsite to Barcelona\",\"publisher\":{\"@id\":\"https:\\\/\\\/www.campingglobobarcelona.com\\\/fr\\\/#organization\"},\"potentialAction\":[{\"@type\":\"SearchAction\",\"target\":{\"@type\":\"EntryPoint\",\"urlTemplate\":\"https:\\\/\\\/www.campingglobobarcelona.com\\\/fr\\\/?s={search_term_string}\"},\"query-input\":{\"@type\":\"PropertyValueSpecification\",\"valueRequired\":true,\"valueName\":\"search_term_string\"}}],\"inLanguage\":\"fr-FR\"},{\"@type\":\"Organization\",\"@id\":\"https:\\\/\\\/www.campingglobobarcelona.com\\\/fr\\\/#organization\",\"name\":\"Camping Globo Barcelona\",\"url\":\"https:\\\/\\\/www.campingglobobarcelona.com\\\/fr\\\/\",\"logo\":{\"@type\":\"ImageObject\",\"inLanguage\":\"fr-FR\",\"@id\":\"https:\\\/\\\/www.campingglobobarcelona.com\\\/fr\\\/#\\\/schema\\\/logo\\\/image\\\/\",\"url\":\"https:\\\/\\\/www.campingglobobarcelona.com\\\/wp-content\\\/uploads\\\/logo-color-svg.svg\",\"contentUrl\":\"https:\\\/\\\/www.campingglobobarcelona.com\\\/wp-content\\\/uploads\\\/logo-color-svg.svg\",\"width\":111,\"height\":78,\"caption\":\"Camping Globo Barcelona\"},\"image\":{\"@id\":\"https:\\\/\\\/www.campingglobobarcelona.com\\\/fr\\\/#\\\/schema\\\/logo\\\/image\\\/\"},\"sameAs\":[\"https:\\\/\\\/www.facebook.com\\\/campinglobobcn\\\/\",\"https:\\\/\\\/www.instagram.com\\\/campinglobobcn\\\/\"]}]}<\/script>\n<!-- \/ Yoast SEO Premium plugin. -->","yoast_head_json":{"title":"Manger et boire - Camping Globo Barcelona","description":"FRAIS ET LOCAL RESTAURANT Ne manquez pas l'occasion de savourer la cuisine m\u00e9diterran\u00e9enne ! Notre restaurant est situ\u00e9 au c\u0153ur du camping, dans une ferme","robots":{"index":"index","follow":"follow","max-snippet":"max-snippet:-1","max-image-preview":"max-image-preview:large","max-video-preview":"max-video-preview:-1"},"canonical":"https:\/\/www.campingglobobarcelona.com\/fr\/le-camping\/manger-et-boire\/","og_locale":"fr_FR","og_type":"article","og_title":"Manger et boire","og_description":"FRAIS ET LOCAL RESTAURANT Ne manquez pas l'occasion de savourer la cuisine m\u00e9diterran\u00e9enne ! Notre restaurant est situ\u00e9 au c\u0153ur du camping, dans une ferme","og_url":"https:\/\/www.campingglobobarcelona.com\/fr\/le-camping\/manger-et-boire\/","og_site_name":"Camping Globo Barcelona","article_publisher":"https:\/\/www.facebook.com\/campinglobobcn\/","article_modified_time":"2026-04-12T18:23:33+00:00","og_image":[{"width":1024,"height":1024,"url":"https:\/\/www.campingglobobarcelona.com\/wp-content\/uploads\/chatgpt-image-12-abr-2026-19-16-58-e1776017526217.jpg","type":"image\/jpeg"}],"twitter_card":"summary_large_image","twitter_misc":{"Dur\u00e9e de lecture estim\u00e9e":"1 minute"},"schema":{"@context":"https:\/\/schema.org","@graph":[{"@type":"WebPage","@id":"https:\/\/www.campingglobobarcelona.com\/fr\/le-camping\/manger-et-boire\/","url":"https:\/\/www.campingglobobarcelona.com\/fr\/le-camping\/manger-et-boire\/","name":"Manger et boire - Camping Globo Barcelona","isPartOf":{"@id":"https:\/\/www.campingglobobarcelona.com\/fr\/#website"},"primaryImageOfPage":{"@id":"https:\/\/www.campingglobobarcelona.com\/fr\/le-camping\/manger-et-boire\/#primaryimage"},"image":{"@id":"https:\/\/www.campingglobobarcelona.com\/fr\/le-camping\/manger-et-boire\/#primaryimage"},"thumbnailUrl":"https:\/\/www.campingglobobarcelona.com\/wp-content\/uploads\/chatgpt-image-12-abr-2026-19-16-58-e1776017526217.jpg","datePublished":"2022-06-02T14:53:11+00:00","dateModified":"2026-04-12T18:23:33+00:00","description":"FRAIS ET LOCAL RESTAURANT Ne manquez pas l'occasion de savourer la cuisine m\u00e9diterran\u00e9enne ! Notre restaurant est situ\u00e9 au c\u0153ur du camping, dans une ferme","breadcrumb":{"@id":"https:\/\/www.campingglobobarcelona.com\/fr\/le-camping\/manger-et-boire\/#breadcrumb"},"inLanguage":"fr-FR","potentialAction":[{"@type":"ReadAction","target":["https:\/\/www.campingglobobarcelona.com\/fr\/le-camping\/manger-et-boire\/"]}]},{"@type":"ImageObject","inLanguage":"fr-FR","@id":"https:\/\/www.campingglobobarcelona.com\/fr\/le-camping\/manger-et-boire\/#primaryimage","url":"https:\/\/www.campingglobobarcelona.com\/wp-content\/uploads\/chatgpt-image-12-abr-2026-19-16-58-e1776017526217.jpg","contentUrl":"https:\/\/www.campingglobobarcelona.com\/wp-content\/uploads\/chatgpt-image-12-abr-2026-19-16-58-e1776017526217.jpg"},{"@type":"BreadcrumbList","@id":"https:\/\/www.campingglobobarcelona.com\/fr\/le-camping\/manger-et-boire\/#breadcrumb","itemListElement":[{"@type":"ListItem","position":1,"name":"Page d'accueil","item":"https:\/\/www.campingglobobarcelona.com\/fr\/"},{"@type":"ListItem","position":2,"name":"Le Camping","item":"https:\/\/www.campingglobobarcelona.com\/fr\/le-camping\/"},{"@type":"ListItem","position":3,"name":"Manger et boire"}]},{"@type":"WebSite","@id":"https:\/\/www.campingglobobarcelona.com\/fr\/#website","url":"https:\/\/www.campingglobobarcelona.com\/fr\/","name":"Camping Globo Barcelona","description":"The nearest first class campsite to Barcelona","publisher":{"@id":"https:\/\/www.campingglobobarcelona.com\/fr\/#organization"},"potentialAction":[{"@type":"SearchAction","target":{"@type":"EntryPoint","urlTemplate":"https:\/\/www.campingglobobarcelona.com\/fr\/?s={search_term_string}"},"query-input":{"@type":"PropertyValueSpecification","valueRequired":true,"valueName":"search_term_string"}}],"inLanguage":"fr-FR"},{"@type":"Organization","@id":"https:\/\/www.campingglobobarcelona.com\/fr\/#organization","name":"Camping Globo Barcelona","url":"https:\/\/www.campingglobobarcelona.com\/fr\/","logo":{"@type":"ImageObject","inLanguage":"fr-FR","@id":"https:\/\/www.campingglobobarcelona.com\/fr\/#\/schema\/logo\/image\/","url":"https:\/\/www.campingglobobarcelona.com\/wp-content\/uploads\/logo-color-svg.svg","contentUrl":"https:\/\/www.campingglobobarcelona.com\/wp-content\/uploads\/logo-color-svg.svg","width":111,"height":78,"caption":"Camping Globo Barcelona"},"image":{"@id":"https:\/\/www.campingglobobarcelona.com\/fr\/#\/schema\/logo\/image\/"},"sameAs":["https:\/\/www.facebook.com\/campinglobobcn\/","https:\/\/www.instagram.com\/campinglobobcn\/"]}]}},"_links":{"self":[{"href":"https:\/\/www.campingglobobarcelona.com\/fr\/wp-json\/wp\/v2\/pages\/8802","targetHints":{"allow":["GET"]}}],"collection":[{"href":"https:\/\/www.campingglobobarcelona.com\/fr\/wp-json\/wp\/v2\/pages"}],"about":[{"href":"https:\/\/www.campingglobobarcelona.com\/fr\/wp-json\/wp\/v2\/types\/page"}],"author":[{"embeddable":true,"href":"https:\/\/www.campingglobobarcelona.com\/fr\/wp-json\/wp\/v2\/users\/2"}],"replies":[{"embeddable":true,"href":"https:\/\/www.campingglobobarcelona.com\/fr\/wp-json\/wp\/v2\/comments?post=8802"}],"version-history":[{"count":4,"href":"https:\/\/www.campingglobobarcelona.com\/fr\/wp-json\/wp\/v2\/pages\/8802\/revisions"}],"predecessor-version":[{"id":11752,"href":"https:\/\/www.campingglobobarcelona.com\/fr\/wp-json\/wp\/v2\/pages\/8802\/revisions\/11752"}],"up":[{"embeddable":true,"href":"https:\/\/www.campingglobobarcelona.com\/fr\/wp-json\/wp\/v2\/pages\/4592"}],"wp:attachment":[{"href":"https:\/\/www.campingglobobarcelona.com\/fr\/wp-json\/wp\/v2\/media?parent=8802"}],"curies":[{"name":"wp","href":"https:\/\/api.w.org\/{rel}","templated":true}]}}