{"id":5390,"date":"2022-01-20T16:25:56","date_gmt":"2022-01-20T15:25:56","guid":{"rendered":"https:\/\/2021.globo-rojo.com\/protezione-dei-dati-personali\/"},"modified":"2024-06-25T17:26:39","modified_gmt":"2024-06-25T15:26:39","slug":"protezione-dei-dati-personali","status":"publish","type":"page","link":"https:\/\/www.campingglobobarcelona.com\/it\/protezione-dei-dati-personali\/","title":{"rendered":"Protezione dei dati personali"},"content":{"rendered":"<h1 class=\"wp-block-post-title has-h-2-font-size\">Protezione dei dati personali<\/h1>\n\n\n<h3 class=\"wp-block-heading\" id=\"1-link-policy-and-disclaimers\">1 &#8211; POLITICA DEI LINK E ESCLUSIONI DELLA RESPONSABILIT\u00c0<\/h3>\n\n\n\n<p><strong>BARANG\u00c9-BRUN SL<\/strong> non \u00e8 responsabile del contenuto delle pagine web a cui pu\u00f2 accedere l\u2019utente attraverso i link stabiliti nei suoi siti web e dichiara che in nessun caso esaminer\u00e0 n\u00e9 eserciter\u00e0 nessun tipo di controllo sul contenuto di altre pagine della rete.<\/p>\n\n\n\n<p>Inoltre, non garantisce nemmeno la disponibilit\u00e0 tecnica, precisione, veracit\u00e0, validit\u00e0 o legalit\u00e0 di pagine estranee alla sua propriet\u00e0 a cui si pu\u00f2 accedere attraverso i link.<\/p>\n\n\n\n<p><strong>BARANG\u00c9-BRUN SL<\/strong> dichiara che ha preso tutti i mezzi necessari per evitare qualsiasi danno che possa derivare dalla navigazione nelle sue pagine web. Pertanto, <strong>BARANG\u00c9-BRUN SL<\/strong> non \u00e8 responsabile, in nessun caso, degli eventuali danni che possa subire l\u2019utente a causa della navigazione su Internet.<\/p>\n\n\n\n<p><strong>BARANG\u00c9-BRUN SL<\/strong> non si responsabilizza dei danni o pregiudizi di qualsiasi tipo prodotti dall\u2019Utente che siano causa di errori o scollegamenti nelle reti di telecomunicazione che producano la sospensione, cancellazione, installazione o interruzione del servizio della web durante la prestazione del suddetto o in via preliminare.<\/p>\n\n\n\n<p>L\u2019accesso alla web: <strong><u><strong>www.campingglobobarcelona.com<\/strong><\/u><\/strong> non implica l\u2019obbligo da parte dell\u2019impresa di controllare l\u2019assenza di virus o qualsiasi altro elemento informatico nocivo. Corrisponde all\u2019 Utente, comunque, la disponibilit\u00e0 di strumenti adeguati per la rilevazione e disinfezione di programmi informatici nocivi.<\/p>\n\n\n\n<p><strong>BARANG\u00c9-BRUN SL<\/strong> non si responsabilizza dei danni prodotti a dispositivi informatici, documenti e\/o file degli Utenti o di terzi durante la prestazione del servizio nel Portale.<\/p>\n\n\n\n<h3 class=\"wp-block-heading\" id=\"2-advertising\">2 &#8211; PUBBLICIT\u00c0<\/h3>\n\n\n\n<p>La web: <strong><u><strong>www.campingglobobarcelona.com<\/strong><\/u><\/strong> potr\u00e0 contenere contenuti pubblicitari o sponsorizzati. Gli inserzionisti o gli sponsor sono gli unici responsabili di garantire che il materiale trasmesso per il suo inserimento nella web rispetti le leggi che in ogni caso possano essere applicate.<\/p>\n\n\n\n<p><strong>BARANG\u00c9-BRUN SL<\/strong> non sar\u00e0 responsabile di nessun errore, imprecisione o irregolarit\u00e0 che possano contenere i contenuti pubblicitari o degli sponsor.<\/p>\n\n\n\n<h3 class=\"wp-block-heading\" id=\"3-modifications\">3 &#8211; MODIFICHE<\/h3>\n\n\n\n<p><strong>BARANG\u00c9-BRUN SL<\/strong> si riserva il diritto di realizzare le modifiche che consideri opportune, senza preavviso, nel contenuto dei suoi siti web, tanto a livello dei contenuti quanto a livello delle sue condizioni d\u2019uso o delle condizioni generali di assunzione. Queste modifiche potranno realizzarsi, attraverso i suoi siti web, in ogni modo consentito in diritto e saranno obbligatorie durante il tempo che saranno pubblicate nella web e fino a quando non verranno modificate successivamente.<\/p>\n\n\n\n<h3 class=\"wp-block-heading\" id=\"4-cookie-disclaimer\">4 &#8211; COOKIES POLICY<\/h3>\n\n\n\n<p><strong>BARANG\u00c9-BRUN SL<\/strong> si riserva il diritto di utilizzare cookies nella navigazione dell\u2019 utente per i suoi siti web per facilitare la personalizzazione e comodit\u00e0 della navigazione. Seguendo la politica di protezione di dati dell\u2019impresa, <strong>BARANG\u00c9-BRUN SL<\/strong> informa che i cookies sono associati all\u2019utente anonimo e al suo computer e non forniscono da soli n\u00e9 il nome n\u00e9 il cognome dell\u2019utente.<\/p>\n\n\n\n<p>L\u2019utente ha la posibilit\u00e0 di configuarare il suo browser in modo che sia informato della ricezione di cookies, potendo, se vuole, impedire che si installino nel suo hardisk. Tuttavia, per accedere ai siti web di <strong>BARANG\u00c9-BRUN SL<\/strong> non \u00e8 obbligatoria l\u2019installazione di cookies.<\/p>\n\n\n\n<p>L\u2019utente si impegna a evitare di riprodurre, copiare, distribuire, mettere a disposizione o in un altro modo comunicare pubblicamente, trasformare o modificare i Contenuti, almeno che sia presente l\u2019autorizzazione del titolare dei corrispondenti diritti o ci\u00f2 risulti legalmente permesso.<\/p>\n\n\n\n<h2 class=\"wp-block-heading\" id=\"5-data-protection\">5 &#8211; PROTEZIONE DI DATI PERSONALI<\/h2>\n\n\n\n<p>Ai sensi dei requisiti stabiliti dalla Legge Organica e dal Regolamento Generale-UE-2016\/679 del Parlamento e Consiglio d\u2019Europa della Protezione dei Dati di Carattere Personale, approvato il 27 di aprile del 2016,<strong>,  <\/strong><strong>BARANG\u00c9-BRUN SL<\/strong> informa gli utenti dei suoi siti web che siamo obbligati a rispettare il segreto professionale sui dati personali ricavati dall\u2019impresa mediante i formulari che si trovano nelle sue pagine, questo obbligo continuer\u00e0 anche dopo la fine della nostra relazione commerciale o contrattuale, e in nessun caso potremo rendere pubblici i dati personali dei visitatori e dei clienti senza il loro consenso. I minori di 13 anni, non possono dare il loro consenso affinch\u00e9 un commercio raccolga e tratti con i loro dati personali; solo i loro rappresentanti legali (genitori o tutori) sono coloro che hanno la possibilit\u00e0 di farlo a nome loro. Quei commerci che hanno bisogno di dati di minori di 13 anni, devono disporre di mezzi per ottenere il consenso dei loro genitori o tutori, per esempio, mediante un messaggio di posta elettronica diretto a qualcuno di loro che contenga un link con un formulario elettronico. Non si pu\u00f2 chiedere ai minori di 13 anni dati a proposito dell\u2019ambito familiare, ad eccezione dei dati di identificazione e contratto dei genitori o dei tutori.<\/p>\n\n\n\n<p>Questi dati, saranno introdotti in un archivio automatico sotto la responsabilit\u00e0 dell\u2019amministratore della web di <strong>BARANG\u00c9-BRUN SL<\/strong>, con la finalit\u00e0 di agevolare, accellerare e compiere gli impegni presi tra le due parti. Inoltre, <strong>BARANG\u00c9-BRUN SL<\/strong> informa a proposito della possibilit\u00e0 di svolgere i diritti d\u2019<strong>accesso<\/strong>, che permette all\u2019utente web di sapere che dati personali ha l\u2019amministratore di questa pagina e in tal caso risponder\u00e0 entro un termine di 30 giorni, conservando i dati personali, <strong>correzione<\/strong>, che permette correggere errori, modificare i dati che siano incorretti o incompleti e garantisce la certezza dell\u2019informazione, <strong>opposizione<\/strong>che potr\u00e0 richiedere e ottenere che non realizzi l\u2019elaborazione dei dati, soppressione che permette che si <strong>eliminino<\/strong>i dati inadeguati o eccessivi, <strong>limitazione<\/strong>, grazie a cui si pu\u00f2 richiedere che si limiti l\u2019elaborazione dei suoi dati quando avr\u00e0 messo in atto il suo diritto alla rettificazione dei suoi dati personali, e <strong>portabilit\u00e0<\/strong>, affinch\u00e9 l\u2019utente possa ottenere una copia dei dati personali che avr\u00e0 fornito alla web al fine di poterli trasmettere a altri servizi, questi diritti si potranno far valere da qualsiasi mezzo che constati il suo invio e la sua ricezione all\u2019indirizzo: <strong>CARRETERA NACIONAL II KM 660,9<\/strong> Codice Postale: <strong>08007<\/strong>. Localit\u00e0: <strong>CANET DE MAR<\/strong>. Provincia: <strong>BARCELLONA<\/strong>. Posta elettronica: camping@globo-rojo.com<strong>,<\/strong> \u200b\u200bfornendo fotocopia della Carta d\u2019Identit\u00e0 o documento alternativo che dimostri la sua identit\u00e0.<\/p>\n\n\n\n<p>Se non ci comunica niente, daremo per scontato che i suoi dati non sono stati modificati, che Lei si impegna ad informarci qualsiasi cambio e che abbiamo il consenso per utilizzarli al fine di poter fidelizzare la relazione tra le parti.<\/p>\n\n\n\n<p>L\u2019invio dei suoi dati mediante il\/i formulario\/i della nostra web sar\u00e0 subordinato obbligatoriamente a che abbia letto\/accettato la Politica di Privacit\u00e0, mediante un check box obbligatorio alla fine del formulario.<\/p>\n\n\n\n<p>Secondo quanto \u00e8 previsto dalla Legge 34\/2002, dei Servizi dell\u2019Informazione e del Commercio Elettronico nel suo articolo 21, richiediamo il suo consenso per poter realizzare comunicazioni pubblicitarie che consideriamo possano essere di suo interesse, via posta elettronica o attraverso qualsiasi altro mezzo di comunicazione elettronica equivalente, questo consenso lo accetter\u00e0 o rifiuter\u00e0 con un check box obbligatorio alla fine del formulario.<\/p>\n\n\n\n<h2 class=\"wp-block-heading\" id=\"6-intellectual-property\">6 &#8211; PROPRIET\u00c0 INTELLETTUALE<\/h2>\n\n\n\n<p>I diritti di propriet\u00e0 intellettuale e industriale derivati da tutti i testi, immagini, cos\u00ec come dai mezzi e forme di presentazione e montaggio delle sue pagine appartengono, autonomamente o come cessionaria, a <strong>BARANG\u00c9-BRUN SL<\/strong><strong>.<\/strong> Saranno, pertanto, opere protette con propriet\u00e0 intellettuale dall\u2019ordinamento giuridico spagnolo e gli si potr\u00e0 applicare sia la normativa spagnola e comunitaria in questo ambito, che i trattati internazionali relativi alla materia e sottoscritti dalla Spagna.<\/p>\n\n\n\n<p>Tutti i diritti riservati. Ai sensi della Legge della Propriet\u00e0 Intellettuale si proibisce espressamente la riproduzione, distribuzione, comunicazione pubblica e utilizzo della totalit\u00e0 o parte dei contenuti delle sue <strong>pagine web<\/strong> senza il consenso esplicito di <strong>BARANG\u00c9-BRUN SL<\/strong>.<\/p>\n\n\n\n<p>Inoltre, <strong>BARANG\u00c9-BRUN SL<\/strong> si reserva il diritto di presentare le azioni civil e penali che consideri opportune per l\u2019utilizzo improprio delle sue pagine web e contenuti o per la violazione di queste condizioni.<\/p>\n\n\n\n<h2 class=\"wp-block-heading\" id=\"7-trust-marks\">7 &#8211; MARCHI DI FIDUCIA<\/h2>\n\n\n\n<p>I marchi di fiducia sono distintivi che si forniscono ai negozi online per dimostrare la loro qualit\u00e0 e sicurezza nella vendita online.<\/p>\n\n\n\n<p>Per ottenere il marchio, i negozi vengono verificati e valutati per comprovare che rispettino i criteri di sicurezza nell\u2019acquisto e la conformit\u00e0 legale in materia di privacit\u00e0 e protezione dei dati dei consumatori.<\/p>\n\n\n\n<p>I negozi che ottengono un marchio di fiducia sono legati a un codice di condotta e sono inclini a offrire ai consumatori procedure alternative di risoluzione di controversie semplici, rapide e comode.<\/p>\n\n\n\n<h2 class=\"wp-block-heading\" id=\"8-lssi-ce-and-data-protection-compliance-certification\">8 &#8211; CERTIFICATI DI CONFORMIT\u00c0 LSSI-CE E PROTEZIONE DEI DATI<\/h2>\n\n\n\n<p><strong><strong><u><strong>www.campingglobobarcelona.com<\/strong><\/u><\/strong><\/strong> \u00e8 conforme alla normativa di Protezione dei Dati vigente e con la <strong>LSSI-CE<\/strong>, ed \u00e8 stata assistita in queste normative dal <strong>GRUPO QUALIA<\/strong>, da cui vengono conferitii i rispettivi certificati in formato di immagine digitale affich\u00e9 possa esporli nel suo sito web.<\/p>\n\n\n\n<h2 class=\"wp-block-heading\" id=\"9-legal-action-applicable-legislation-and-jurisdiction\">9 &#8211; AZIONI LEGALI, LEGISLAZIONE APPLICABILE E GIURISDIZIONE<\/h2>\n\n\n\n<p>La relazione tra l\u2019utente e <strong>BARANG\u00c9-BRUN SL<\/strong> si atterr\u00e0 alla normativa spagnola vigente e avranno la competenza di decidere qualsiasi controversia che possa sorgere tra l\u2019usuario e <strong> <\/strong><strong>BARANG\u00c9-BRUN SL<\/strong>, i giudici o tribunali della localit\u00e0 di <strong>ARENYS DE MAR<\/strong>.<\/p>\n","protected":false},"excerpt":{"rendered":"<p>1 &#8211; POLITICA DEI LINK E ESCLUSIONI DELLA RESPONSABILIT\u00c0 BARANG\u00c9-BRUN SL non \u00e8 responsabile del contenuto delle pagine web a cui pu\u00f2 accedere l\u2019utente attraverso&#8230;<\/p>\n","protected":false},"author":4,"featured_media":0,"parent":0,"menu_order":8,"comment_status":"closed","ping_status":"closed","template":"","meta":{"_acf_changed":false,"inline_featured_image":false,"_monsterinsights_skip_tracking":false,"_monsterinsights_sitenote_active":false,"_monsterinsights_sitenote_note":"","_monsterinsights_sitenote_category":0,"footnotes":""},"class_list":["post-5390","page","type-page","status-publish","hentry"],"acf":[],"yoast_head":"<!-- This site is optimized with the Yoast SEO Premium plugin v27.3 (Yoast SEO v27.3) - https:\/\/yoast.com\/product\/yoast-seo-premium-wordpress\/ -->\n<title>Protezione dei dati personali - Camping Globo Barcelona<\/title>\n<meta name=\"description\" content=\"1 - POLITICA DEI LINK E ESCLUSIONI DELLA RESPONSABILIT\u00c0 BARANG\u00c9-BRUN SL non \u00e8 responsabile del contenuto delle pagine web a cui pu\u00f2 accedere l\u2019utente\" \/>\n<meta name=\"robots\" content=\"index, follow, max-snippet:-1, max-image-preview:large, max-video-preview:-1\" \/>\n<link rel=\"canonical\" href=\"https:\/\/www.campingglobobarcelona.com\/it\/protezione-dei-dati-personali\/\" \/>\n<meta property=\"og:locale\" content=\"it_IT\" \/>\n<meta property=\"og:type\" content=\"article\" \/>\n<meta property=\"og:title\" content=\"Protezione dei dati personali\" \/>\n<meta property=\"og:description\" content=\"1 - POLITICA DEI LINK E ESCLUSIONI DELLA RESPONSABILIT\u00c0 BARANG\u00c9-BRUN SL non \u00e8 responsabile del contenuto delle pagine web a cui pu\u00f2 accedere l\u2019utente\" \/>\n<meta property=\"og:url\" content=\"https:\/\/www.campingglobobarcelona.com\/it\/protezione-dei-dati-personali\/\" \/>\n<meta property=\"og:site_name\" content=\"Camping Globo Barcelona\" \/>\n<meta property=\"article:publisher\" content=\"https:\/\/www.facebook.com\/campinglobobcn\/\" \/>\n<meta property=\"article:modified_time\" content=\"2024-06-25T15:26:39+00:00\" \/>\n<meta name=\"twitter:card\" content=\"summary_large_image\" \/>\n<meta name=\"twitter:label1\" content=\"Tempo di lettura stimato\" \/>\n\t<meta name=\"twitter:data1\" content=\"7 minuti\" \/>\n<script type=\"application\/ld+json\" class=\"yoast-schema-graph\">{\"@context\":\"https:\\\/\\\/schema.org\",\"@graph\":[{\"@type\":\"WebPage\",\"@id\":\"https:\\\/\\\/www.campingglobobarcelona.com\\\/it\\\/protezione-dei-dati-personali\\\/\",\"url\":\"https:\\\/\\\/www.campingglobobarcelona.com\\\/it\\\/protezione-dei-dati-personali\\\/\",\"name\":\"Protezione dei dati personali - Camping Globo Barcelona\",\"isPartOf\":{\"@id\":\"https:\\\/\\\/www.campingglobobarcelona.com\\\/it\\\/#website\"},\"datePublished\":\"2022-01-20T15:25:56+00:00\",\"dateModified\":\"2024-06-25T15:26:39+00:00\",\"description\":\"1 - POLITICA DEI LINK E ESCLUSIONI DELLA RESPONSABILIT\u00c0 BARANG\u00c9-BRUN SL non \u00e8 responsabile del contenuto delle pagine web a cui pu\u00f2 accedere l\u2019utente\",\"breadcrumb\":{\"@id\":\"https:\\\/\\\/www.campingglobobarcelona.com\\\/it\\\/protezione-dei-dati-personali\\\/#breadcrumb\"},\"inLanguage\":\"it-IT\",\"potentialAction\":[{\"@type\":\"ReadAction\",\"target\":[\"https:\\\/\\\/www.campingglobobarcelona.com\\\/it\\\/protezione-dei-dati-personali\\\/\"]}]},{\"@type\":\"BreadcrumbList\",\"@id\":\"https:\\\/\\\/www.campingglobobarcelona.com\\\/it\\\/protezione-dei-dati-personali\\\/#breadcrumb\",\"itemListElement\":[{\"@type\":\"ListItem\",\"position\":1,\"name\":\"Home page\",\"item\":\"https:\\\/\\\/www.campingglobobarcelona.com\\\/it\\\/\"},{\"@type\":\"ListItem\",\"position\":2,\"name\":\"Protezione dei dati personali\"}]},{\"@type\":\"WebSite\",\"@id\":\"https:\\\/\\\/www.campingglobobarcelona.com\\\/it\\\/#website\",\"url\":\"https:\\\/\\\/www.campingglobobarcelona.com\\\/it\\\/\",\"name\":\"Camping Globo Barcelona\",\"description\":\"The nearest first class campsite to Barcelona\",\"publisher\":{\"@id\":\"https:\\\/\\\/www.campingglobobarcelona.com\\\/it\\\/#organization\"},\"potentialAction\":[{\"@type\":\"SearchAction\",\"target\":{\"@type\":\"EntryPoint\",\"urlTemplate\":\"https:\\\/\\\/www.campingglobobarcelona.com\\\/it\\\/?s={search_term_string}\"},\"query-input\":{\"@type\":\"PropertyValueSpecification\",\"valueRequired\":true,\"valueName\":\"search_term_string\"}}],\"inLanguage\":\"it-IT\"},{\"@type\":\"Organization\",\"@id\":\"https:\\\/\\\/www.campingglobobarcelona.com\\\/it\\\/#organization\",\"name\":\"Camping Globo Barcelona\",\"url\":\"https:\\\/\\\/www.campingglobobarcelona.com\\\/it\\\/\",\"logo\":{\"@type\":\"ImageObject\",\"inLanguage\":\"it-IT\",\"@id\":\"https:\\\/\\\/www.campingglobobarcelona.com\\\/it\\\/#\\\/schema\\\/logo\\\/image\\\/\",\"url\":\"https:\\\/\\\/www.campingglobobarcelona.com\\\/wp-content\\\/uploads\\\/logo-color-svg.svg\",\"contentUrl\":\"https:\\\/\\\/www.campingglobobarcelona.com\\\/wp-content\\\/uploads\\\/logo-color-svg.svg\",\"width\":111,\"height\":78,\"caption\":\"Camping Globo Barcelona\"},\"image\":{\"@id\":\"https:\\\/\\\/www.campingglobobarcelona.com\\\/it\\\/#\\\/schema\\\/logo\\\/image\\\/\"},\"sameAs\":[\"https:\\\/\\\/www.facebook.com\\\/campinglobobcn\\\/\",\"https:\\\/\\\/www.instagram.com\\\/campinglobobcn\\\/\"]}]}<\/script>\n<!-- \/ Yoast SEO Premium plugin. -->","yoast_head_json":{"title":"Protezione dei dati personali - Camping Globo Barcelona","description":"1 - POLITICA DEI LINK E ESCLUSIONI DELLA RESPONSABILIT\u00c0 BARANG\u00c9-BRUN SL non \u00e8 responsabile del contenuto delle pagine web a cui pu\u00f2 accedere l\u2019utente","robots":{"index":"index","follow":"follow","max-snippet":"max-snippet:-1","max-image-preview":"max-image-preview:large","max-video-preview":"max-video-preview:-1"},"canonical":"https:\/\/www.campingglobobarcelona.com\/it\/protezione-dei-dati-personali\/","og_locale":"it_IT","og_type":"article","og_title":"Protezione dei dati personali","og_description":"1 - POLITICA DEI LINK E ESCLUSIONI DELLA RESPONSABILIT\u00c0 BARANG\u00c9-BRUN SL non \u00e8 responsabile del contenuto delle pagine web a cui pu\u00f2 accedere l\u2019utente","og_url":"https:\/\/www.campingglobobarcelona.com\/it\/protezione-dei-dati-personali\/","og_site_name":"Camping Globo Barcelona","article_publisher":"https:\/\/www.facebook.com\/campinglobobcn\/","article_modified_time":"2024-06-25T15:26:39+00:00","twitter_card":"summary_large_image","twitter_misc":{"Tempo di lettura stimato":"7 minuti"},"schema":{"@context":"https:\/\/schema.org","@graph":[{"@type":"WebPage","@id":"https:\/\/www.campingglobobarcelona.com\/it\/protezione-dei-dati-personali\/","url":"https:\/\/www.campingglobobarcelona.com\/it\/protezione-dei-dati-personali\/","name":"Protezione dei dati personali - Camping Globo Barcelona","isPartOf":{"@id":"https:\/\/www.campingglobobarcelona.com\/it\/#website"},"datePublished":"2022-01-20T15:25:56+00:00","dateModified":"2024-06-25T15:26:39+00:00","description":"1 - POLITICA DEI LINK E ESCLUSIONI DELLA RESPONSABILIT\u00c0 BARANG\u00c9-BRUN SL non \u00e8 responsabile del contenuto delle pagine web a cui pu\u00f2 accedere l\u2019utente","breadcrumb":{"@id":"https:\/\/www.campingglobobarcelona.com\/it\/protezione-dei-dati-personali\/#breadcrumb"},"inLanguage":"it-IT","potentialAction":[{"@type":"ReadAction","target":["https:\/\/www.campingglobobarcelona.com\/it\/protezione-dei-dati-personali\/"]}]},{"@type":"BreadcrumbList","@id":"https:\/\/www.campingglobobarcelona.com\/it\/protezione-dei-dati-personali\/#breadcrumb","itemListElement":[{"@type":"ListItem","position":1,"name":"Home page","item":"https:\/\/www.campingglobobarcelona.com\/it\/"},{"@type":"ListItem","position":2,"name":"Protezione dei dati personali"}]},{"@type":"WebSite","@id":"https:\/\/www.campingglobobarcelona.com\/it\/#website","url":"https:\/\/www.campingglobobarcelona.com\/it\/","name":"Camping Globo Barcelona","description":"The nearest first class campsite to Barcelona","publisher":{"@id":"https:\/\/www.campingglobobarcelona.com\/it\/#organization"},"potentialAction":[{"@type":"SearchAction","target":{"@type":"EntryPoint","urlTemplate":"https:\/\/www.campingglobobarcelona.com\/it\/?s={search_term_string}"},"query-input":{"@type":"PropertyValueSpecification","valueRequired":true,"valueName":"search_term_string"}}],"inLanguage":"it-IT"},{"@type":"Organization","@id":"https:\/\/www.campingglobobarcelona.com\/it\/#organization","name":"Camping Globo Barcelona","url":"https:\/\/www.campingglobobarcelona.com\/it\/","logo":{"@type":"ImageObject","inLanguage":"it-IT","@id":"https:\/\/www.campingglobobarcelona.com\/it\/#\/schema\/logo\/image\/","url":"https:\/\/www.campingglobobarcelona.com\/wp-content\/uploads\/logo-color-svg.svg","contentUrl":"https:\/\/www.campingglobobarcelona.com\/wp-content\/uploads\/logo-color-svg.svg","width":111,"height":78,"caption":"Camping Globo Barcelona"},"image":{"@id":"https:\/\/www.campingglobobarcelona.com\/it\/#\/schema\/logo\/image\/"},"sameAs":["https:\/\/www.facebook.com\/campinglobobcn\/","https:\/\/www.instagram.com\/campinglobobcn\/"]}]}},"_links":{"self":[{"href":"https:\/\/www.campingglobobarcelona.com\/it\/wp-json\/wp\/v2\/pages\/5390","targetHints":{"allow":["GET"]}}],"collection":[{"href":"https:\/\/www.campingglobobarcelona.com\/it\/wp-json\/wp\/v2\/pages"}],"about":[{"href":"https:\/\/www.campingglobobarcelona.com\/it\/wp-json\/wp\/v2\/types\/page"}],"author":[{"embeddable":true,"href":"https:\/\/www.campingglobobarcelona.com\/it\/wp-json\/wp\/v2\/users\/4"}],"replies":[{"embeddable":true,"href":"https:\/\/www.campingglobobarcelona.com\/it\/wp-json\/wp\/v2\/comments?post=5390"}],"version-history":[{"count":3,"href":"https:\/\/www.campingglobobarcelona.com\/it\/wp-json\/wp\/v2\/pages\/5390\/revisions"}],"predecessor-version":[{"id":11004,"href":"https:\/\/www.campingglobobarcelona.com\/it\/wp-json\/wp\/v2\/pages\/5390\/revisions\/11004"}],"wp:attachment":[{"href":"https:\/\/www.campingglobobarcelona.com\/it\/wp-json\/wp\/v2\/media?parent=5390"}],"curies":[{"name":"wp","href":"https:\/\/api.w.org\/{rel}","templated":true}]}}